{"id":22260,"date":"2022-04-12T20:22:34","date_gmt":"2022-04-12T18:22:34","guid":{"rendered":"https:\/\/staging.remotesensei.org\/thank-you\/"},"modified":"2023-06-17T11:11:05","modified_gmt":"2023-06-17T09:11:05","slug":"sprawdz-poczte","status":"publish","type":"page","link":"https:\/\/remotesensei.org\/pl\/sprawdz-poczte\/","title":{"rendered":"Sprzwd\u017a poczt\u0119"},"content":{"rendered":"\t\t<div data-elementor-type=\"wp-page\" data-elementor-id=\"22260\" class=\"elementor elementor-22260\" data-elementor-post-type=\"page\">\n\t\t\t\t\t\t<section class=\"elementor-section elementor-top-section elementor-element elementor-element-aff477a elementor-section-height-min-height elementor-section-content-middle elementor-section-boxed elementor-section-height-default elementor-section-items-middle rrdevs-custom-animation-no RRdevs-addons-sticky-no\" data-id=\"aff477a\" data-element_type=\"section\" data-e-type=\"section\" data-settings=\"{&quot;animation_on&quot;:&quot;no&quot;,&quot;rrdevs_sticky&quot;:&quot;no&quot;}\">\n\t\t\t\t\t\t<div class=\"elementor-container elementor-column-gap-default\">\n\t\t\t\t\t<div class=\"elementor-column elementor-col-100 elementor-top-column elementor-element elementor-element-6bd1e5c\" data-id=\"6bd1e5c\" data-element_type=\"column\" data-e-type=\"column\">\n\t\t\t<div class=\"elementor-widget-wrap elementor-element-populated\">\n\t\t\t\t\t\t<div class=\"elementor-element elementor-element-041df51 elementor-view-default RRdevs-addons-sticky-no elementor-widget elementor-widget-icon\" data-id=\"041df51\" data-element_type=\"widget\" data-e-type=\"widget\" data-settings=\"{&quot;rrdevs_sticky&quot;:&quot;no&quot;}\" data-widget_type=\"icon.default\">\n\t\t\t\t<div class=\"elementor-widget-container\">\n\t\t\t\t\t\t\t<div class=\"elementor-icon-wrapper\">\n\t\t\t<div class=\"elementor-icon\">\n\t\t\t<i aria-hidden=\"true\" class=\"far fa-gift\"><\/i>\t\t\t<\/div>\n\t\t<\/div>\n\t\t\t\t\t\t<\/div>\n\t\t\t\t<\/div>\n\t\t\t\t<div class=\"elementor-element elementor-element-2f53e6f RRdevs-addons-sticky-no elementor-widget elementor-widget-heading\" data-id=\"2f53e6f\" data-element_type=\"widget\" data-e-type=\"widget\" data-settings=\"{&quot;rrdevs_sticky&quot;:&quot;no&quot;}\" data-widget_type=\"heading.default\">\n\t\t\t\t<div class=\"elementor-widget-container\">\n\t\t\t\t\t<h2 class=\"elementor-heading-title elementor-size-default\">I... posz\u0142o.<\/h2>\t\t\t\t<\/div>\n\t\t\t\t<\/div>\n\t\t\t\t<div class=\"elementor-element elementor-element-e08ad6a elementor-widget__width-initial RRdevs-addons-sticky-no elementor-widget elementor-widget-text-editor\" data-id=\"e08ad6a\" data-element_type=\"widget\" data-e-type=\"widget\" data-settings=\"{&quot;rrdevs_sticky&quot;:&quot;no&quot;}\" data-widget_type=\"text-editor.default\">\n\t\t\t\t<div class=\"elementor-widget-container\">\n\t\t\t\t\t\t\t\t\t<strong>Sprawd\u017a poczt\u0119<\/strong>\n\nJe\u015bli w ci\u0105gu kilku minut nie dostaniesz emaila do Twojej skrzynki odbiorczej, sprawd\u017a folder ze spamem lub <a style=\"cursor: pointer;\" onclick=\"window.history.back();\">spr\u00f3buj wys\u0142a\u0107 ponownie.<\/a>\t\t\t\t\t\t\t\t<\/div>\n\t\t\t\t<\/div>\n\t\t\t\t\t<\/div>\n\t\t<\/div>\n\t\t\t\t\t<\/div>\n\t\t<\/section>\n\t\t\t\t<\/div>\n\t\t","protected":false},"excerpt":{"rendered":"<p>I&#8230; posz\u0142o. Sprawd\u017a poczt\u0119 Je\u015bli w ci\u0105gu kilku minut nie dostaniesz emaila do Twojej skrzynki odbiorczej, sprawd\u017a folder ze spamem lub spr\u00f3buj wys\u0142a\u0107 ponownie.<\/p>\n","protected":false},"author":1,"featured_media":0,"parent":0,"menu_order":0,"comment_status":"closed","ping_status":"closed","template":"","meta":{"_acf_changed":false,"footnotes":""},"coauthors":[38],"class_list":["post-22260","page","type-page","status-publish","hentry"],"acf":[],"yoast_head":"<!-- This site is optimized with the Yoast SEO Premium plugin v21.6 (Yoast SEO v27.3) - https:\/\/yoast.com\/product\/yoast-seo-premium-wordpress\/ -->\n<title>Sprzwd\u017a poczt\u0119 od Remote Sensei<\/title>\n<meta name=\"description\" content=\"Przejd\u017a do skrzynki pocztowej i znajd\u017a maila od Remote Sensei, \u017ceby pobra\u0107 ebooka lub odebra\u0107 prezent.\" \/>\n<meta name=\"robots\" content=\"index, follow, max-snippet:-1, max-image-preview:large, max-video-preview:-1\" \/>\n<link rel=\"canonical\" href=\"https:\/\/remotesensei.org\/pl\/sprawdz-poczte\/\" \/>\n<meta property=\"og:locale\" content=\"pl_PL\" \/>\n<meta property=\"og:type\" content=\"article\" \/>\n<meta property=\"og:title\" content=\"Sprzwd\u017a poczt\u0119\" \/>\n<meta property=\"og:description\" content=\"Przejd\u017a do skrzynki pocztowej i znajd\u017a maila od Remote Sensei, \u017ceby pobra\u0107 ebooka lub odebra\u0107 prezent.\" \/>\n<meta property=\"og:url\" content=\"https:\/\/remotesensei.org\/pl\/sprawdz-poczte\/\" \/>\n<meta property=\"og:site_name\" content=\"Remote Sensei\" \/>\n<meta property=\"article:modified_time\" content=\"2023-06-17T09:11:05+00:00\" \/>\n<meta name=\"twitter:card\" content=\"summary_large_image\" \/>\n<meta name=\"twitter:label1\" content=\"Szacowany czas czytania\" \/>\n\t<meta name=\"twitter:data1\" content=\"1 minuta\" \/>\n\t<meta name=\"twitter:label2\" content=\"Written by\" \/>\n\t<meta name=\"twitter:data2\" content=\"rubendev\" \/>\n<script type=\"application\/ld+json\" class=\"yoast-schema-graph\">{\"@context\":\"https:\\\/\\\/schema.org\",\"@graph\":[{\"@type\":\"WebPage\",\"@id\":\"https:\\\/\\\/remotesensei.org\\\/pl\\\/sprawdz-poczte\\\/\",\"url\":\"https:\\\/\\\/remotesensei.org\\\/pl\\\/sprawdz-poczte\\\/\",\"name\":\"Sprzwd\u017a poczt\u0119 od Remote Sensei\",\"isPartOf\":{\"@id\":\"https:\\\/\\\/remotesensei.org\\\/pl\\\/#website\"},\"datePublished\":\"2022-04-12T18:22:34+00:00\",\"dateModified\":\"2023-06-17T09:11:05+00:00\",\"description\":\"Przejd\u017a do skrzynki pocztowej i znajd\u017a maila od Remote Sensei, \u017ceby pobra\u0107 ebooka lub odebra\u0107 prezent.\",\"breadcrumb\":{\"@id\":\"https:\\\/\\\/remotesensei.org\\\/pl\\\/sprawdz-poczte\\\/#breadcrumb\"},\"inLanguage\":\"pl-PL\",\"potentialAction\":[{\"@type\":\"ReadAction\",\"target\":[\"https:\\\/\\\/remotesensei.org\\\/pl\\\/sprawdz-poczte\\\/\"]}]},{\"@type\":\"BreadcrumbList\",\"@id\":\"https:\\\/\\\/remotesensei.org\\\/pl\\\/sprawdz-poczte\\\/#breadcrumb\",\"itemListElement\":[{\"@type\":\"ListItem\",\"position\":1,\"name\":\"Home\",\"item\":\"https:\\\/\\\/remotesensei.org\\\/pl\\\/\"},{\"@type\":\"ListItem\",\"position\":2,\"name\":\"Sprzwd\u017a poczt\u0119\"}]},{\"@type\":\"WebSite\",\"@id\":\"https:\\\/\\\/remotesensei.org\\\/pl\\\/#website\",\"url\":\"https:\\\/\\\/remotesensei.org\\\/pl\\\/\",\"name\":\"Remote Sensei\",\"description\":\"Cyfrowe transformacje z wykorzystaniem Asana, Slack, Slite\",\"publisher\":{\"@id\":\"https:\\\/\\\/remotesensei.org\\\/pl\\\/#organization\"},\"potentialAction\":[{\"@type\":\"SearchAction\",\"target\":{\"@type\":\"EntryPoint\",\"urlTemplate\":\"https:\\\/\\\/remotesensei.org\\\/pl\\\/?s={search_term_string}\"},\"query-input\":{\"@type\":\"PropertyValueSpecification\",\"valueRequired\":true,\"valueName\":\"search_term_string\"}}],\"inLanguage\":\"pl-PL\"},{\"@type\":\"Organization\",\"@id\":\"https:\\\/\\\/remotesensei.org\\\/pl\\\/#organization\",\"name\":\"Remote Sensei\",\"url\":\"https:\\\/\\\/remotesensei.org\\\/pl\\\/\",\"logo\":{\"@type\":\"ImageObject\",\"inLanguage\":\"pl-PL\",\"@id\":\"https:\\\/\\\/remotesensei.org\\\/pl\\\/#\\\/schema\\\/logo\\\/image\\\/\",\"url\":\"https:\\\/\\\/remotesensei.org\\\/wp-content\\\/uploads\\\/2024\\\/10\\\/square-logo-e1728549030172.png\",\"contentUrl\":\"https:\\\/\\\/remotesensei.org\\\/wp-content\\\/uploads\\\/2024\\\/10\\\/square-logo-e1728549030172.png\",\"width\":901,\"height\":901,\"caption\":\"Remote Sensei\"},\"image\":{\"@id\":\"https:\\\/\\\/remotesensei.org\\\/pl\\\/#\\\/schema\\\/logo\\\/image\\\/\"}}]}<\/script>\n<!-- \/ Yoast SEO Premium plugin. -->","yoast_head_json":{"title":"Sprzwd\u017a poczt\u0119 od Remote Sensei","description":"Przejd\u017a do skrzynki pocztowej i znajd\u017a maila od Remote Sensei, \u017ceby pobra\u0107 ebooka lub odebra\u0107 prezent.","robots":{"index":"index","follow":"follow","max-snippet":"max-snippet:-1","max-image-preview":"max-image-preview:large","max-video-preview":"max-video-preview:-1"},"canonical":"https:\/\/remotesensei.org\/pl\/sprawdz-poczte\/","og_locale":"pl_PL","og_type":"article","og_title":"Sprzwd\u017a poczt\u0119","og_description":"Przejd\u017a do skrzynki pocztowej i znajd\u017a maila od Remote Sensei, \u017ceby pobra\u0107 ebooka lub odebra\u0107 prezent.","og_url":"https:\/\/remotesensei.org\/pl\/sprawdz-poczte\/","og_site_name":"Remote Sensei","article_modified_time":"2023-06-17T09:11:05+00:00","twitter_card":"summary_large_image","twitter_misc":{"Szacowany czas czytania":"1 minuta","Written by":"rubendev"},"schema":{"@context":"https:\/\/schema.org","@graph":[{"@type":"WebPage","@id":"https:\/\/remotesensei.org\/pl\/sprawdz-poczte\/","url":"https:\/\/remotesensei.org\/pl\/sprawdz-poczte\/","name":"Sprzwd\u017a poczt\u0119 od Remote Sensei","isPartOf":{"@id":"https:\/\/remotesensei.org\/pl\/#website"},"datePublished":"2022-04-12T18:22:34+00:00","dateModified":"2023-06-17T09:11:05+00:00","description":"Przejd\u017a do skrzynki pocztowej i znajd\u017a maila od Remote Sensei, \u017ceby pobra\u0107 ebooka lub odebra\u0107 prezent.","breadcrumb":{"@id":"https:\/\/remotesensei.org\/pl\/sprawdz-poczte\/#breadcrumb"},"inLanguage":"pl-PL","potentialAction":[{"@type":"ReadAction","target":["https:\/\/remotesensei.org\/pl\/sprawdz-poczte\/"]}]},{"@type":"BreadcrumbList","@id":"https:\/\/remotesensei.org\/pl\/sprawdz-poczte\/#breadcrumb","itemListElement":[{"@type":"ListItem","position":1,"name":"Home","item":"https:\/\/remotesensei.org\/pl\/"},{"@type":"ListItem","position":2,"name":"Sprzwd\u017a poczt\u0119"}]},{"@type":"WebSite","@id":"https:\/\/remotesensei.org\/pl\/#website","url":"https:\/\/remotesensei.org\/pl\/","name":"Remote Sensei","description":"Cyfrowe transformacje z wykorzystaniem Asana, Slack, Slite","publisher":{"@id":"https:\/\/remotesensei.org\/pl\/#organization"},"potentialAction":[{"@type":"SearchAction","target":{"@type":"EntryPoint","urlTemplate":"https:\/\/remotesensei.org\/pl\/?s={search_term_string}"},"query-input":{"@type":"PropertyValueSpecification","valueRequired":true,"valueName":"search_term_string"}}],"inLanguage":"pl-PL"},{"@type":"Organization","@id":"https:\/\/remotesensei.org\/pl\/#organization","name":"Remote Sensei","url":"https:\/\/remotesensei.org\/pl\/","logo":{"@type":"ImageObject","inLanguage":"pl-PL","@id":"https:\/\/remotesensei.org\/pl\/#\/schema\/logo\/image\/","url":"https:\/\/remotesensei.org\/wp-content\/uploads\/2024\/10\/square-logo-e1728549030172.png","contentUrl":"https:\/\/remotesensei.org\/wp-content\/uploads\/2024\/10\/square-logo-e1728549030172.png","width":901,"height":901,"caption":"Remote Sensei"},"image":{"@id":"https:\/\/remotesensei.org\/pl\/#\/schema\/logo\/image\/"}}]}},"_links":{"self":[{"href":"https:\/\/remotesensei.org\/pl\/wp-json\/wp\/v2\/pages\/22260","targetHints":{"allow":["GET"]}}],"collection":[{"href":"https:\/\/remotesensei.org\/pl\/wp-json\/wp\/v2\/pages"}],"about":[{"href":"https:\/\/remotesensei.org\/pl\/wp-json\/wp\/v2\/types\/page"}],"author":[{"embeddable":true,"href":"https:\/\/remotesensei.org\/pl\/wp-json\/wp\/v2\/users\/1"}],"replies":[{"embeddable":true,"href":"https:\/\/remotesensei.org\/pl\/wp-json\/wp\/v2\/comments?post=22260"}],"version-history":[{"count":0,"href":"https:\/\/remotesensei.org\/pl\/wp-json\/wp\/v2\/pages\/22260\/revisions"}],"wp:attachment":[{"href":"https:\/\/remotesensei.org\/pl\/wp-json\/wp\/v2\/media?parent=22260"}],"wp:term":[{"taxonomy":"author","embeddable":true,"href":"https:\/\/remotesensei.org\/pl\/wp-json\/wp\/v2\/coauthors?post=22260"}],"curies":[{"name":"wp","href":"https:\/\/api.w.org\/{rel}","templated":true}]}}