{"id":26816,"date":"2022-06-14T02:15:12","date_gmt":"2022-06-14T00:15:12","guid":{"rendered":"https:\/\/staging.remotesensei.org\/?page_id=26816"},"modified":"2025-06-07T07:11:08","modified_gmt":"2025-06-07T05:11:08","slug":"nagranie-webinaru-7-rzeczy","status":"publish","type":"page","link":"https:\/\/remotesensei.org\/pl\/nagranie-webinaru-7-rzeczy\/","title":{"rendered":"Nagranie webinaru: 7 rzeczy, kt\u00f3re odr\u00f3\u017cnia najlepiej zorganizowane firmy od pozosta\u0142ych 95%"},"content":{"rendered":"\t\t<div data-elementor-type=\"wp-page\" data-elementor-id=\"26816\" class=\"elementor elementor-26816\" data-elementor-post-type=\"page\">\n\t\t\t\t\t\t<section class=\"elementor-section elementor-top-section elementor-element elementor-element-2567775 elementor-section-boxed elementor-section-height-default elementor-section-height-default rrdevs-custom-animation-no RRdevs-addons-sticky-no\" data-id=\"2567775\" data-element_type=\"section\" data-e-type=\"section\" data-settings=\"{&quot;animation_on&quot;:&quot;no&quot;,&quot;rrdevs_sticky&quot;:&quot;no&quot;}\">\n\t\t\t\t\t\t<div class=\"elementor-container elementor-column-gap-default\">\n\t\t\t\t\t<div class=\"elementor-column elementor-col-100 elementor-top-column elementor-element elementor-element-c2f3ee1\" data-id=\"c2f3ee1\" data-element_type=\"column\" data-e-type=\"column\">\n\t\t\t<div class=\"elementor-widget-wrap elementor-element-populated\">\n\t\t\t\t\t\t<div class=\"elementor-element elementor-element-dd742c9 RRdevs-addons-sticky-no elementor-widget elementor-widget-video\" data-id=\"dd742c9\" data-element_type=\"widget\" data-e-type=\"widget\" data-settings=\"{&quot;video_type&quot;:&quot;hosted&quot;,&quot;controls&quot;:&quot;yes&quot;,&quot;rrdevs_sticky&quot;:&quot;no&quot;}\" data-widget_type=\"video.default\">\n\t\t\t\t<div class=\"elementor-widget-container\">\n\t\t\t\t\t\t\t<div class=\"e-hosted-video elementor-wrapper elementor-open-inline\">\n\t\t\t\t\t<video class=\"elementor-video\" src=\"https:\/\/s3.amazonaws.com\/site-archiebot-production\/storage\/a_b353540d97230ebfd066f65aeffc763e\/nkgojioruvt2xaf5taejlae4v7edzd6dsyqjcfzs7tntqzowarqhjnivykrylp8a.mp4\" controls=\"\" preload=\"metadata\" controlsList=\"nodownload\"><\/video>\n\t\t\t\t<\/div>\n\t\t\t\t\t\t<\/div>\n\t\t\t\t<\/div>\n\t\t\t\t<div class=\"elementor-element elementor-element-c4b2fe0 elementor-view-default RRdevs-addons-sticky-no elementor-widget elementor-widget-icon\" data-id=\"c4b2fe0\" data-element_type=\"widget\" data-e-type=\"widget\" data-settings=\"{&quot;rrdevs_sticky&quot;:&quot;no&quot;}\" data-widget_type=\"icon.default\">\n\t\t\t\t<div class=\"elementor-widget-container\">\n\t\t\t\t\t\t\t<div class=\"elementor-icon-wrapper\">\n\t\t\t<a class=\"elementor-icon\" href=\"#book\">\n\t\t\t<i aria-hidden=\"true\" class=\"far fa-chevron-double-down\"><\/i>\t\t\t<\/a>\n\t\t<\/div>\n\t\t\t\t\t\t<\/div>\n\t\t\t\t<\/div>\n\t\t\t\t<div class=\"elementor-element elementor-element-c50ef4e elementor-align-center elementor-mobile-align-justify elementor-widget-mobile__width-inherit yello_btn_style RRdevs-addons-sticky-no elementor-widget elementor-widget-button\" data-id=\"c50ef4e\" data-element_type=\"widget\" data-e-type=\"widget\" id=\"book\" data-settings=\"{&quot;rrdevs_sticky&quot;:&quot;no&quot;}\" data-widget_type=\"button.default\">\n\t\t\t\t<div class=\"elementor-widget-container\">\n\t\t\t\t\t\t\t\t\t<div class=\"elementor-button-wrapper\">\n\t\t\t\t\t<a class=\"elementor-button elementor-button-link elementor-size-sm\" href=\"https:\/\/remotesensei.org\/pl\/rejestracja-sesja-strategiczna-jacek\/\">\n\t\t\t\t\t\t<span class=\"elementor-button-content-wrapper\">\n\t\t\t\t\t\t\t\t\t<span class=\"elementor-button-text\">Zarezerwuj konsultacj\u0119 ze strategiem<\/span>\n\t\t\t\t\t<\/span>\n\t\t\t\t\t<\/a>\n\t\t\t\t<\/div>\n\t\t\t\t\t\t\t\t<\/div>\n\t\t\t\t<\/div>\n\t\t\t\t\t<\/div>\n\t\t<\/div>\n\t\t\t\t\t<\/div>\n\t\t<\/section>\n\t\t\t\t<\/div>\n\t\t","protected":false},"excerpt":{"rendered":"<p>https:\/\/s3.amazonaws.com\/site-archiebot-production\/storage\/a_b353540d97230ebfd066f65aeffc763e\/nkgojioruvt2xaf5taejlae4v7edzd6dsyqjcfzs7tntqzowarqhjnivykrylp8a.mp4 Zarezerwuj konsultacj\u0119 ze strategiem<\/p>\n","protected":false},"author":1,"featured_media":26818,"parent":0,"menu_order":0,"comment_status":"closed","ping_status":"closed","template":"elementor_header_footer","meta":{"_acf_changed":false,"footnotes":""},"coauthors":[],"class_list":["post-26816","page","type-page","status-publish","has-post-thumbnail","hentry"],"acf":[],"yoast_head":"<!-- This site is optimized with the Yoast SEO Premium plugin v21.6 (Yoast SEO v27.4) - https:\/\/yoast.com\/product\/yoast-seo-premium-wordpress\/ -->\n<title>Nagranie webinaru: 7 rzeczy, kt\u00f3re odr\u00f3\u017cnia najlepiej zorganizowane firmy od pozosta\u0142ych 95%<\/title>\n<meta name=\"description\" content=\"7 rzeczy, kt\u00f3re odr\u00f3\u017cnia najlepiej zorganizowane firmy od pozosta\u0142ych 95% - nagranie\" \/>\n<meta name=\"robots\" content=\"index, follow, max-snippet:-1, max-image-preview:large, max-video-preview:-1\" \/>\n<link rel=\"canonical\" href=\"https:\/\/remotesensei.org\/pl\/nagranie-webinaru-7-rzeczy\/\" \/>\n<meta property=\"og:locale\" content=\"pl_PL\" \/>\n<meta property=\"og:type\" content=\"article\" \/>\n<meta property=\"og:title\" content=\"Nagranie webinaru: 7 rzeczy, kt\u00f3re odr\u00f3\u017cnia najlepiej zorganizowane firmy od pozosta\u0142ych 95%\" \/>\n<meta property=\"og:description\" content=\"7 rzeczy, kt\u00f3re odr\u00f3\u017cnia najlepiej zorganizowane firmy od pozosta\u0142ych 95% - nagranie\" \/>\n<meta property=\"og:url\" content=\"https:\/\/remotesensei.org\/pl\/nagranie-webinaru-7-rzeczy\/\" \/>\n<meta property=\"og:site_name\" content=\"Remote Sensei\" \/>\n<meta property=\"article:modified_time\" content=\"2025-06-07T05:11:08+00:00\" \/>\n<meta property=\"og:image\" content=\"https:\/\/remotesensei.org\/wp-content\/uploads\/2022\/06\/featured-image-first-asana-Webinar.png\" \/>\n\t<meta property=\"og:image:width\" content=\"1200\" \/>\n\t<meta property=\"og:image:height\" content=\"630\" \/>\n\t<meta property=\"og:image:type\" content=\"image\/png\" \/>\n<meta name=\"twitter:card\" content=\"summary_large_image\" \/>\n<meta name=\"twitter:label1\" content=\"Written by\" \/>\n\t<meta name=\"twitter:data1\" content=\"rubendev\" \/>\n<script type=\"application\/ld+json\" class=\"yoast-schema-graph\">{\"@context\":\"https:\\\/\\\/schema.org\",\"@graph\":[{\"@type\":\"WebPage\",\"@id\":\"https:\\\/\\\/remotesensei.org\\\/pl\\\/nagranie-webinaru-7-rzeczy\\\/\",\"url\":\"https:\\\/\\\/remotesensei.org\\\/pl\\\/nagranie-webinaru-7-rzeczy\\\/\",\"name\":\"Nagranie webinaru: 7 rzeczy, kt\u00f3re odr\u00f3\u017cnia najlepiej zorganizowane firmy od pozosta\u0142ych 95%\",\"isPartOf\":{\"@id\":\"https:\\\/\\\/remotesensei.org\\\/pl\\\/#website\"},\"primaryImageOfPage\":{\"@id\":\"https:\\\/\\\/remotesensei.org\\\/pl\\\/nagranie-webinaru-7-rzeczy\\\/#primaryimage\"},\"image\":{\"@id\":\"https:\\\/\\\/remotesensei.org\\\/pl\\\/nagranie-webinaru-7-rzeczy\\\/#primaryimage\"},\"thumbnailUrl\":\"https:\\\/\\\/remotesensei.org\\\/wp-content\\\/uploads\\\/2022\\\/06\\\/featured-image-first-asana-Webinar.png\",\"datePublished\":\"2022-06-14T00:15:12+00:00\",\"dateModified\":\"2025-06-07T05:11:08+00:00\",\"description\":\"7 rzeczy, kt\u00f3re odr\u00f3\u017cnia najlepiej zorganizowane firmy od pozosta\u0142ych 95% - nagranie\",\"breadcrumb\":{\"@id\":\"https:\\\/\\\/remotesensei.org\\\/pl\\\/nagranie-webinaru-7-rzeczy\\\/#breadcrumb\"},\"inLanguage\":\"pl-PL\",\"potentialAction\":[{\"@type\":\"ReadAction\",\"target\":[\"https:\\\/\\\/remotesensei.org\\\/pl\\\/nagranie-webinaru-7-rzeczy\\\/\"]}]},{\"@type\":\"ImageObject\",\"inLanguage\":\"pl-PL\",\"@id\":\"https:\\\/\\\/remotesensei.org\\\/pl\\\/nagranie-webinaru-7-rzeczy\\\/#primaryimage\",\"url\":\"https:\\\/\\\/remotesensei.org\\\/wp-content\\\/uploads\\\/2022\\\/06\\\/featured-image-first-asana-Webinar.png\",\"contentUrl\":\"https:\\\/\\\/remotesensei.org\\\/wp-content\\\/uploads\\\/2022\\\/06\\\/featured-image-first-asana-Webinar.png\",\"width\":1200,\"height\":630},{\"@type\":\"BreadcrumbList\",\"@id\":\"https:\\\/\\\/remotesensei.org\\\/pl\\\/nagranie-webinaru-7-rzeczy\\\/#breadcrumb\",\"itemListElement\":[{\"@type\":\"ListItem\",\"position\":1,\"name\":\"Home\",\"item\":\"https:\\\/\\\/remotesensei.org\\\/pl\\\/\"},{\"@type\":\"ListItem\",\"position\":2,\"name\":\"Nagranie webinaru: 7 rzeczy, kt\u00f3re odr\u00f3\u017cnia najlepiej zorganizowane firmy od pozosta\u0142ych 95%\"}]},{\"@type\":\"WebSite\",\"@id\":\"https:\\\/\\\/remotesensei.org\\\/pl\\\/#website\",\"url\":\"https:\\\/\\\/remotesensei.org\\\/pl\\\/\",\"name\":\"Remote Sensei\",\"description\":\"Cyfrowe transformacje z wykorzystaniem Asana, Slack, Slite\",\"publisher\":{\"@id\":\"https:\\\/\\\/remotesensei.org\\\/pl\\\/#organization\"},\"potentialAction\":[{\"@type\":\"SearchAction\",\"target\":{\"@type\":\"EntryPoint\",\"urlTemplate\":\"https:\\\/\\\/remotesensei.org\\\/pl\\\/?s={search_term_string}\"},\"query-input\":{\"@type\":\"PropertyValueSpecification\",\"valueRequired\":true,\"valueName\":\"search_term_string\"}}],\"inLanguage\":\"pl-PL\"},{\"@type\":\"Organization\",\"@id\":\"https:\\\/\\\/remotesensei.org\\\/pl\\\/#organization\",\"name\":\"Remote Sensei\",\"url\":\"https:\\\/\\\/remotesensei.org\\\/pl\\\/\",\"logo\":{\"@type\":\"ImageObject\",\"inLanguage\":\"pl-PL\",\"@id\":\"https:\\\/\\\/remotesensei.org\\\/pl\\\/#\\\/schema\\\/logo\\\/image\\\/\",\"url\":\"https:\\\/\\\/remotesensei.org\\\/wp-content\\\/uploads\\\/2024\\\/10\\\/square-logo-e1728549030172.png\",\"contentUrl\":\"https:\\\/\\\/remotesensei.org\\\/wp-content\\\/uploads\\\/2024\\\/10\\\/square-logo-e1728549030172.png\",\"width\":901,\"height\":901,\"caption\":\"Remote Sensei\"},\"image\":{\"@id\":\"https:\\\/\\\/remotesensei.org\\\/pl\\\/#\\\/schema\\\/logo\\\/image\\\/\"}}]}<\/script>\n<!-- \/ Yoast SEO Premium plugin. -->","yoast_head_json":{"title":"Nagranie webinaru: 7 rzeczy, kt\u00f3re odr\u00f3\u017cnia najlepiej zorganizowane firmy od pozosta\u0142ych 95%","description":"7 rzeczy, kt\u00f3re odr\u00f3\u017cnia najlepiej zorganizowane firmy od pozosta\u0142ych 95% - nagranie","robots":{"index":"index","follow":"follow","max-snippet":"max-snippet:-1","max-image-preview":"max-image-preview:large","max-video-preview":"max-video-preview:-1"},"canonical":"https:\/\/remotesensei.org\/pl\/nagranie-webinaru-7-rzeczy\/","og_locale":"pl_PL","og_type":"article","og_title":"Nagranie webinaru: 7 rzeczy, kt\u00f3re odr\u00f3\u017cnia najlepiej zorganizowane firmy od pozosta\u0142ych 95%","og_description":"7 rzeczy, kt\u00f3re odr\u00f3\u017cnia najlepiej zorganizowane firmy od pozosta\u0142ych 95% - nagranie","og_url":"https:\/\/remotesensei.org\/pl\/nagranie-webinaru-7-rzeczy\/","og_site_name":"Remote Sensei","article_modified_time":"2025-06-07T05:11:08+00:00","og_image":[{"width":1200,"height":630,"url":"https:\/\/remotesensei.org\/wp-content\/uploads\/2022\/06\/featured-image-first-asana-Webinar.png","type":"image\/png"}],"twitter_card":"summary_large_image","twitter_misc":{"Written by":"rubendev"},"schema":{"@context":"https:\/\/schema.org","@graph":[{"@type":"WebPage","@id":"https:\/\/remotesensei.org\/pl\/nagranie-webinaru-7-rzeczy\/","url":"https:\/\/remotesensei.org\/pl\/nagranie-webinaru-7-rzeczy\/","name":"Nagranie webinaru: 7 rzeczy, kt\u00f3re odr\u00f3\u017cnia najlepiej zorganizowane firmy od pozosta\u0142ych 95%","isPartOf":{"@id":"https:\/\/remotesensei.org\/pl\/#website"},"primaryImageOfPage":{"@id":"https:\/\/remotesensei.org\/pl\/nagranie-webinaru-7-rzeczy\/#primaryimage"},"image":{"@id":"https:\/\/remotesensei.org\/pl\/nagranie-webinaru-7-rzeczy\/#primaryimage"},"thumbnailUrl":"https:\/\/remotesensei.org\/wp-content\/uploads\/2022\/06\/featured-image-first-asana-Webinar.png","datePublished":"2022-06-14T00:15:12+00:00","dateModified":"2025-06-07T05:11:08+00:00","description":"7 rzeczy, kt\u00f3re odr\u00f3\u017cnia najlepiej zorganizowane firmy od pozosta\u0142ych 95% - nagranie","breadcrumb":{"@id":"https:\/\/remotesensei.org\/pl\/nagranie-webinaru-7-rzeczy\/#breadcrumb"},"inLanguage":"pl-PL","potentialAction":[{"@type":"ReadAction","target":["https:\/\/remotesensei.org\/pl\/nagranie-webinaru-7-rzeczy\/"]}]},{"@type":"ImageObject","inLanguage":"pl-PL","@id":"https:\/\/remotesensei.org\/pl\/nagranie-webinaru-7-rzeczy\/#primaryimage","url":"https:\/\/remotesensei.org\/wp-content\/uploads\/2022\/06\/featured-image-first-asana-Webinar.png","contentUrl":"https:\/\/remotesensei.org\/wp-content\/uploads\/2022\/06\/featured-image-first-asana-Webinar.png","width":1200,"height":630},{"@type":"BreadcrumbList","@id":"https:\/\/remotesensei.org\/pl\/nagranie-webinaru-7-rzeczy\/#breadcrumb","itemListElement":[{"@type":"ListItem","position":1,"name":"Home","item":"https:\/\/remotesensei.org\/pl\/"},{"@type":"ListItem","position":2,"name":"Nagranie webinaru: 7 rzeczy, kt\u00f3re odr\u00f3\u017cnia najlepiej zorganizowane firmy od pozosta\u0142ych 95%"}]},{"@type":"WebSite","@id":"https:\/\/remotesensei.org\/pl\/#website","url":"https:\/\/remotesensei.org\/pl\/","name":"Remote Sensei","description":"Cyfrowe transformacje z wykorzystaniem Asana, Slack, Slite","publisher":{"@id":"https:\/\/remotesensei.org\/pl\/#organization"},"potentialAction":[{"@type":"SearchAction","target":{"@type":"EntryPoint","urlTemplate":"https:\/\/remotesensei.org\/pl\/?s={search_term_string}"},"query-input":{"@type":"PropertyValueSpecification","valueRequired":true,"valueName":"search_term_string"}}],"inLanguage":"pl-PL"},{"@type":"Organization","@id":"https:\/\/remotesensei.org\/pl\/#organization","name":"Remote Sensei","url":"https:\/\/remotesensei.org\/pl\/","logo":{"@type":"ImageObject","inLanguage":"pl-PL","@id":"https:\/\/remotesensei.org\/pl\/#\/schema\/logo\/image\/","url":"https:\/\/remotesensei.org\/wp-content\/uploads\/2024\/10\/square-logo-e1728549030172.png","contentUrl":"https:\/\/remotesensei.org\/wp-content\/uploads\/2024\/10\/square-logo-e1728549030172.png","width":901,"height":901,"caption":"Remote Sensei"},"image":{"@id":"https:\/\/remotesensei.org\/pl\/#\/schema\/logo\/image\/"}}]}},"_links":{"self":[{"href":"https:\/\/remotesensei.org\/pl\/wp-json\/wp\/v2\/pages\/26816","targetHints":{"allow":["GET"]}}],"collection":[{"href":"https:\/\/remotesensei.org\/pl\/wp-json\/wp\/v2\/pages"}],"about":[{"href":"https:\/\/remotesensei.org\/pl\/wp-json\/wp\/v2\/types\/page"}],"author":[{"embeddable":true,"href":"https:\/\/remotesensei.org\/pl\/wp-json\/wp\/v2\/users\/1"}],"replies":[{"embeddable":true,"href":"https:\/\/remotesensei.org\/pl\/wp-json\/wp\/v2\/comments?post=26816"}],"version-history":[{"count":0,"href":"https:\/\/remotesensei.org\/pl\/wp-json\/wp\/v2\/pages\/26816\/revisions"}],"wp:featuredmedia":[{"embeddable":true,"href":"https:\/\/remotesensei.org\/pl\/wp-json\/wp\/v2\/media\/26818"}],"wp:attachment":[{"href":"https:\/\/remotesensei.org\/pl\/wp-json\/wp\/v2\/media?parent=26816"}],"wp:term":[{"taxonomy":"author","embeddable":true,"href":"https:\/\/remotesensei.org\/pl\/wp-json\/wp\/v2\/coauthors?post=26816"}],"curies":[{"name":"wp","href":"https:\/\/api.w.org\/{rel}","templated":true}]}}