{"id":75286,"date":"2024-12-07T05:29:08","date_gmt":"2024-12-07T04:29:08","guid":{"rendered":"https:\/\/staging.remotesensei.org\/?page_id=75286"},"modified":"2025-07-01T11:33:59","modified_gmt":"2025-07-01T09:33:59","slug":"ga-select-date","status":"publish","type":"page","link":"https:\/\/remotesensei.org\/pl\/ga-select-date\/","title":{"rendered":"Bezp\u0142atny audyt &#8211; wybierz dat\u0119"},"content":{"rendered":"\t\t<div data-elementor-type=\"wp-page\" data-elementor-id=\"75286\" class=\"elementor elementor-75286\" data-elementor-post-type=\"page\">\n\t\t\t\t<div class=\"elementor-element elementor-element-9524b5c e-con-full e-flex rrdevs-custom-animation-no e-con e-parent\" data-id=\"9524b5c\" data-element_type=\"container\" data-e-type=\"container\" data-settings=\"{&quot;animation_on&quot;:&quot;no&quot;}\">\n\t\t<div class=\"elementor-element elementor-element-c9c7039 e-con-full e-flex rrdevs-custom-animation-no e-con e-child\" data-id=\"c9c7039\" data-element_type=\"container\" data-e-type=\"container\" data-settings=\"{&quot;animation_on&quot;:&quot;no&quot;}\">\n\t\t\t\t<div class=\"elementor-element elementor-element-4bd09e0 RRdevs-addons-sticky-no elementor-widget elementor-widget-image\" data-id=\"4bd09e0\" data-element_type=\"widget\" data-e-type=\"widget\" data-settings=\"{&quot;rrdevs_sticky&quot;:&quot;no&quot;}\" data-widget_type=\"image.default\">\n\t\t\t\t<div class=\"elementor-widget-container\">\n\t\t\t\t\t\t\t\t\t\t\t\t\t\t\t<img decoding=\"async\" width=\"612\" height=\"24\" src=\"https:\/\/remotesensei.org\/wp-content\/uploads\/2025\/05\/step8-img.webp\" class=\"attachment-full size-full wp-image-77775\" alt=\"\" srcset=\"https:\/\/remotesensei.org\/wp-content\/uploads\/2025\/05\/step8-img.webp 612w, https:\/\/remotesensei.org\/wp-content\/uploads\/2025\/05\/step8-img-300x12.webp 300w\" sizes=\"(max-width: 612px) 100vw, 612px\" \/>\t\t\t\t\t\t\t\t\t\t\t\t\t\t\t<\/div>\n\t\t\t\t<\/div>\n\t\t\t\t<div class=\"elementor-element elementor-element-86adcfc RRdevs-addons-sticky-no elementor-widget elementor-widget-heading\" data-id=\"86adcfc\" data-element_type=\"widget\" data-e-type=\"widget\" data-settings=\"{&quot;rrdevs_sticky&quot;:&quot;no&quot;}\" data-widget_type=\"heading.default\">\n\t\t\t\t<div class=\"elementor-widget-container\">\n\t\t\t\t\t<h1 class=\"elementor-heading-title elementor-size-default\">Wybierz termin, w kt\u00f3rym wsp\u00f3lnie zaplanujemy dzia\u0142ania<\/h1>\t\t\t\t<\/div>\n\t\t\t\t<\/div>\n\t\t\t\t<\/div>\n\t\t\t\t<div class=\"elementor-element elementor-element-8a91043 elementor-widget__width-inherit RRdevs-addons-sticky-no elementor-widget elementor-widget-shortcode\" data-id=\"8a91043\" data-element_type=\"widget\" data-e-type=\"widget\" data-settings=\"{&quot;rrdevs_sticky&quot;:&quot;no&quot;}\" data-widget_type=\"shortcode.default\">\n\t\t\t\t<div class=\"elementor-widget-container\">\n\t\t\t\t\t        <!-- Calendly inline widget begin -->\n        <div class=\"calendly-inline-widget\" style=\"min-width:320px;height:790px;\" data-auto-load=\"false\"><\/div>\n        <script>\n        document.addEventListener(\"DOMContentLoaded\", function () {\n            if (typeof Cookies !== 'undefined') {\n                var fname = Cookies.get('fname') || '';\n                var lname = Cookies.get('lname') || '';\n                var email = Cookies.get('user_email') || '';\n\n                Calendly.initInlineWidget({\n                    url: 'https:\/\/calendly.com\/oskargrochowalski\/sesja-strategiczna-ga?primary_color=35717D',\n                    parentElement: document.querySelector('.calendly-inline-widget'),\n                    prefill: {\n                        name: fname + \" \" + lname,\n                        email: email\n                    }\n                });\n            } else {\n                console.warn(\"js-cookie library is missing.\");\n            }\n        });\n        <\/script>\n        <!-- Calendly inline widget end -->\n    \t\t<div class=\"elementor-shortcode\"><\/div>\n\t\t\t\t\t\t<\/div>\n\t\t\t\t<\/div>\n\t\t\t\t<\/div>\n\t\t<div class=\"elementor-element elementor-element-d8bbcb4 e-flex e-con-boxed rrdevs-custom-animation-no e-con e-parent\" data-id=\"d8bbcb4\" data-element_type=\"container\" data-e-type=\"container\" data-settings=\"{&quot;background_background&quot;:&quot;classic&quot;,&quot;animation_on&quot;:&quot;no&quot;}\">\n\t\t\t\t\t<div class=\"e-con-inner\">\n\t\t\t\t<div class=\"elementor-element elementor-element-a6cb4ba elementor-icon-list--layout-inline elementor-list-item-link-inline elementor-align-center elementor-widget__width-auto elementor-mobile-align-center elementor-widget-mobile__width-inherit RRdevs-addons-sticky-no elementor-widget elementor-widget-icon-list\" data-id=\"a6cb4ba\" data-element_type=\"widget\" data-e-type=\"widget\" data-settings=\"{&quot;rrdevs_sticky&quot;:&quot;no&quot;}\" data-widget_type=\"icon-list.default\">\n\t\t\t\t<div class=\"elementor-widget-container\">\n\t\t\t\t\t\t\t<ul class=\"elementor-icon-list-items elementor-inline-items\">\n\t\t\t\t\t\t\t<li class=\"elementor-icon-list-item elementor-inline-item\">\n\t\t\t\t\t\t\t\t\t\t\t<a href=\"https:\/\/linkedin.com\/company\/remote-sensei\" target=\"_blank\">\n\n\t\t\t\t\t\t\t\t\t\t\t\t<span class=\"elementor-icon-list-icon\">\n\t\t\t\t\t\t\t<i aria-hidden=\"true\" class=\"fab fa-linkedin\"><\/i>\t\t\t\t\t\t<\/span>\n\t\t\t\t\t\t\t\t\t\t<span class=\"elementor-icon-list-text\">Visit us on<\/span>\n\t\t\t\t\t\t\t\t\t\t\t<\/a>\n\t\t\t\t\t\t\t\t\t<\/li>\n\t\t\t\t\t\t<\/ul>\n\t\t\t\t\t\t<\/div>\n\t\t\t\t<\/div>\n\t\t\t\t<div class=\"elementor-element elementor-element-047964f RRdevs-addons-sticky-no elementor-widget elementor-widget-text-editor\" data-id=\"047964f\" data-element_type=\"widget\" data-e-type=\"widget\" data-settings=\"{&quot;rrdevs_sticky&quot;:&quot;no&quot;}\" data-widget_type=\"text-editor.default\">\n\t\t\t\t<div class=\"elementor-widget-container\">\n\t\t\t\t\t\t\t\t\t<p>\u00a9 Remote Sensei. Made with\u00a0<img decoding=\"async\" class=\"emoji\" role=\"img\" draggable=\"false\" src=\"https:\/\/s.w.org\/images\/core\/emoji\/13.1.0\/svg\/2764.svg\" alt=\"\u2764\" \/>\u00a0for freedom.<\/p>\t\t\t\t\t\t\t\t<\/div>\n\t\t\t\t<\/div>\n\t\t\t\t\t<\/div>\n\t\t\t\t<\/div>\n\t\t\t\t<\/div>\n\t\t","protected":false},"excerpt":{"rendered":"<p>Wybierz termin, w kt\u00f3rym wsp\u00f3lnie zaplanujemy dzia\u0142ania Visit us on \u00a9 Remote Sensei. Made with\u00a0\u00a0for freedom.<\/p>\n","protected":false},"author":1,"featured_media":0,"parent":0,"menu_order":0,"comment_status":"closed","ping_status":"closed","template":"elementor_header_footer","meta":{"_acf_changed":false,"footnotes":""},"coauthors":[38],"class_list":["post-75286","page","type-page","status-publish","hentry"],"acf":[],"yoast_head":"<!-- This site is optimized with the Yoast SEO Premium plugin v21.6 (Yoast SEO v27.3) - https:\/\/yoast.com\/product\/yoast-seo-premium-wordpress\/ -->\n<title>Bezp\u0142atny audyt - wybierz dat\u0119 - Remote Sensei<\/title>\n<meta name=\"robots\" content=\"noindex, nofollow\" \/>\n<meta property=\"og:locale\" content=\"pl_PL\" \/>\n<meta property=\"og:type\" content=\"article\" \/>\n<meta property=\"og:title\" content=\"Bezp\u0142atny audyt - wybierz dat\u0119\" \/>\n<meta property=\"og:description\" content=\"Wybierz termin, w kt\u00f3rym wsp\u00f3lnie zaplanujemy dzia\u0142ania Visit us on \u00a9 Remote Sensei. Made with\u00a0\u00a0for freedom.\" \/>\n<meta property=\"og:url\" content=\"https:\/\/remotesensei.org\/pl\/ga-select-date\/\" \/>\n<meta property=\"og:site_name\" content=\"Remote Sensei\" \/>\n<meta property=\"article:modified_time\" content=\"2025-07-01T09:33:59+00:00\" \/>\n<meta property=\"og:image\" content=\"https:\/\/remotesensei.org\/wp-content\/uploads\/2025\/05\/step8-img.webp\" \/>\n<meta name=\"twitter:card\" content=\"summary_large_image\" \/>\n<meta name=\"twitter:label1\" content=\"Szacowany czas czytania\" \/>\n\t<meta name=\"twitter:data1\" content=\"1 minuta\" \/>\n\t<meta name=\"twitter:label2\" content=\"Written by\" \/>\n\t<meta name=\"twitter:data2\" content=\"rubendev\" \/>\n<script type=\"application\/ld+json\" class=\"yoast-schema-graph\">{\"@context\":\"https:\\\/\\\/schema.org\",\"@graph\":[{\"@type\":\"WebPage\",\"@id\":\"https:\\\/\\\/remotesensei.org\\\/pl\\\/ga-select-date\\\/\",\"url\":\"https:\\\/\\\/remotesensei.org\\\/pl\\\/ga-select-date\\\/\",\"name\":\"Bezp\u0142atny audyt - wybierz dat\u0119 - Remote Sensei\",\"isPartOf\":{\"@id\":\"https:\\\/\\\/remotesensei.org\\\/pl\\\/#website\"},\"primaryImageOfPage\":{\"@id\":\"https:\\\/\\\/remotesensei.org\\\/pl\\\/ga-select-date\\\/#primaryimage\"},\"image\":{\"@id\":\"https:\\\/\\\/remotesensei.org\\\/pl\\\/ga-select-date\\\/#primaryimage\"},\"thumbnailUrl\":\"https:\\\/\\\/remotesensei.org\\\/wp-content\\\/uploads\\\/2025\\\/05\\\/step8-img.webp\",\"datePublished\":\"2024-12-07T04:29:08+00:00\",\"dateModified\":\"2025-07-01T09:33:59+00:00\",\"breadcrumb\":{\"@id\":\"https:\\\/\\\/remotesensei.org\\\/pl\\\/ga-select-date\\\/#breadcrumb\"},\"inLanguage\":\"pl-PL\",\"potentialAction\":[{\"@type\":\"ReadAction\",\"target\":[\"https:\\\/\\\/remotesensei.org\\\/pl\\\/ga-select-date\\\/\"]}]},{\"@type\":\"ImageObject\",\"inLanguage\":\"pl-PL\",\"@id\":\"https:\\\/\\\/remotesensei.org\\\/pl\\\/ga-select-date\\\/#primaryimage\",\"url\":\"https:\\\/\\\/remotesensei.org\\\/wp-content\\\/uploads\\\/2025\\\/05\\\/step8-img.webp\",\"contentUrl\":\"https:\\\/\\\/remotesensei.org\\\/wp-content\\\/uploads\\\/2025\\\/05\\\/step8-img.webp\"},{\"@type\":\"BreadcrumbList\",\"@id\":\"https:\\\/\\\/remotesensei.org\\\/pl\\\/ga-select-date\\\/#breadcrumb\",\"itemListElement\":[{\"@type\":\"ListItem\",\"position\":1,\"name\":\"Home\",\"item\":\"https:\\\/\\\/remotesensei.org\\\/pl\\\/\"},{\"@type\":\"ListItem\",\"position\":2,\"name\":\"Bezp\u0142atny audyt &#8211; wybierz dat\u0119\"}]},{\"@type\":\"WebSite\",\"@id\":\"https:\\\/\\\/remotesensei.org\\\/pl\\\/#website\",\"url\":\"https:\\\/\\\/remotesensei.org\\\/pl\\\/\",\"name\":\"Remote Sensei\",\"description\":\"Cyfrowe transformacje z wykorzystaniem Asana, Slack, Slite\",\"publisher\":{\"@id\":\"https:\\\/\\\/remotesensei.org\\\/pl\\\/#organization\"},\"potentialAction\":[{\"@type\":\"SearchAction\",\"target\":{\"@type\":\"EntryPoint\",\"urlTemplate\":\"https:\\\/\\\/remotesensei.org\\\/pl\\\/?s={search_term_string}\"},\"query-input\":{\"@type\":\"PropertyValueSpecification\",\"valueRequired\":true,\"valueName\":\"search_term_string\"}}],\"inLanguage\":\"pl-PL\"},{\"@type\":\"Organization\",\"@id\":\"https:\\\/\\\/remotesensei.org\\\/pl\\\/#organization\",\"name\":\"Remote Sensei\",\"url\":\"https:\\\/\\\/remotesensei.org\\\/pl\\\/\",\"logo\":{\"@type\":\"ImageObject\",\"inLanguage\":\"pl-PL\",\"@id\":\"https:\\\/\\\/remotesensei.org\\\/pl\\\/#\\\/schema\\\/logo\\\/image\\\/\",\"url\":\"https:\\\/\\\/remotesensei.org\\\/wp-content\\\/uploads\\\/2024\\\/10\\\/square-logo-e1728549030172.png\",\"contentUrl\":\"https:\\\/\\\/remotesensei.org\\\/wp-content\\\/uploads\\\/2024\\\/10\\\/square-logo-e1728549030172.png\",\"width\":901,\"height\":901,\"caption\":\"Remote Sensei\"},\"image\":{\"@id\":\"https:\\\/\\\/remotesensei.org\\\/pl\\\/#\\\/schema\\\/logo\\\/image\\\/\"}}]}<\/script>\n<!-- \/ Yoast SEO Premium plugin. -->","yoast_head_json":{"title":"Bezp\u0142atny audyt - wybierz dat\u0119 - Remote Sensei","robots":{"index":"noindex","follow":"nofollow"},"og_locale":"pl_PL","og_type":"article","og_title":"Bezp\u0142atny audyt - wybierz dat\u0119","og_description":"Wybierz termin, w kt\u00f3rym wsp\u00f3lnie zaplanujemy dzia\u0142ania Visit us on \u00a9 Remote Sensei. Made with\u00a0\u00a0for freedom.","og_url":"https:\/\/remotesensei.org\/pl\/ga-select-date\/","og_site_name":"Remote Sensei","article_modified_time":"2025-07-01T09:33:59+00:00","og_image":[{"url":"https:\/\/remotesensei.org\/wp-content\/uploads\/2025\/05\/step8-img.webp","type":"","width":"","height":""}],"twitter_card":"summary_large_image","twitter_misc":{"Szacowany czas czytania":"1 minuta","Written by":"rubendev"},"schema":{"@context":"https:\/\/schema.org","@graph":[{"@type":"WebPage","@id":"https:\/\/remotesensei.org\/pl\/ga-select-date\/","url":"https:\/\/remotesensei.org\/pl\/ga-select-date\/","name":"Bezp\u0142atny audyt - wybierz dat\u0119 - Remote Sensei","isPartOf":{"@id":"https:\/\/remotesensei.org\/pl\/#website"},"primaryImageOfPage":{"@id":"https:\/\/remotesensei.org\/pl\/ga-select-date\/#primaryimage"},"image":{"@id":"https:\/\/remotesensei.org\/pl\/ga-select-date\/#primaryimage"},"thumbnailUrl":"https:\/\/remotesensei.org\/wp-content\/uploads\/2025\/05\/step8-img.webp","datePublished":"2024-12-07T04:29:08+00:00","dateModified":"2025-07-01T09:33:59+00:00","breadcrumb":{"@id":"https:\/\/remotesensei.org\/pl\/ga-select-date\/#breadcrumb"},"inLanguage":"pl-PL","potentialAction":[{"@type":"ReadAction","target":["https:\/\/remotesensei.org\/pl\/ga-select-date\/"]}]},{"@type":"ImageObject","inLanguage":"pl-PL","@id":"https:\/\/remotesensei.org\/pl\/ga-select-date\/#primaryimage","url":"https:\/\/remotesensei.org\/wp-content\/uploads\/2025\/05\/step8-img.webp","contentUrl":"https:\/\/remotesensei.org\/wp-content\/uploads\/2025\/05\/step8-img.webp"},{"@type":"BreadcrumbList","@id":"https:\/\/remotesensei.org\/pl\/ga-select-date\/#breadcrumb","itemListElement":[{"@type":"ListItem","position":1,"name":"Home","item":"https:\/\/remotesensei.org\/pl\/"},{"@type":"ListItem","position":2,"name":"Bezp\u0142atny audyt &#8211; wybierz dat\u0119"}]},{"@type":"WebSite","@id":"https:\/\/remotesensei.org\/pl\/#website","url":"https:\/\/remotesensei.org\/pl\/","name":"Remote Sensei","description":"Cyfrowe transformacje z wykorzystaniem Asana, Slack, Slite","publisher":{"@id":"https:\/\/remotesensei.org\/pl\/#organization"},"potentialAction":[{"@type":"SearchAction","target":{"@type":"EntryPoint","urlTemplate":"https:\/\/remotesensei.org\/pl\/?s={search_term_string}"},"query-input":{"@type":"PropertyValueSpecification","valueRequired":true,"valueName":"search_term_string"}}],"inLanguage":"pl-PL"},{"@type":"Organization","@id":"https:\/\/remotesensei.org\/pl\/#organization","name":"Remote Sensei","url":"https:\/\/remotesensei.org\/pl\/","logo":{"@type":"ImageObject","inLanguage":"pl-PL","@id":"https:\/\/remotesensei.org\/pl\/#\/schema\/logo\/image\/","url":"https:\/\/remotesensei.org\/wp-content\/uploads\/2024\/10\/square-logo-e1728549030172.png","contentUrl":"https:\/\/remotesensei.org\/wp-content\/uploads\/2024\/10\/square-logo-e1728549030172.png","width":901,"height":901,"caption":"Remote Sensei"},"image":{"@id":"https:\/\/remotesensei.org\/pl\/#\/schema\/logo\/image\/"}}]}},"_links":{"self":[{"href":"https:\/\/remotesensei.org\/pl\/wp-json\/wp\/v2\/pages\/75286","targetHints":{"allow":["GET"]}}],"collection":[{"href":"https:\/\/remotesensei.org\/pl\/wp-json\/wp\/v2\/pages"}],"about":[{"href":"https:\/\/remotesensei.org\/pl\/wp-json\/wp\/v2\/types\/page"}],"author":[{"embeddable":true,"href":"https:\/\/remotesensei.org\/pl\/wp-json\/wp\/v2\/users\/1"}],"replies":[{"embeddable":true,"href":"https:\/\/remotesensei.org\/pl\/wp-json\/wp\/v2\/comments?post=75286"}],"version-history":[{"count":0,"href":"https:\/\/remotesensei.org\/pl\/wp-json\/wp\/v2\/pages\/75286\/revisions"}],"wp:attachment":[{"href":"https:\/\/remotesensei.org\/pl\/wp-json\/wp\/v2\/media?parent=75286"}],"wp:term":[{"taxonomy":"author","embeddable":true,"href":"https:\/\/remotesensei.org\/pl\/wp-json\/wp\/v2\/coauthors?post=75286"}],"curies":[{"name":"wp","href":"https:\/\/api.w.org\/{rel}","templated":true}]}}